{"id":517,"date":"2021-07-19T11:21:53","date_gmt":"2021-07-19T11:21:53","guid":{"rendered":"https:\/\/purgato.ee\/?page_id=517"},"modified":"2026-01-25T20:08:06","modified_gmt":"2026-01-25T20:08:06","slug":"palgaarvestus","status":"publish","type":"page","link":"https:\/\/purgato.ee\/en\/payroll\/","title":{"rendered":"Payroll"},"content":{"rendered":"\t\t<div data-elementor-type=\"wp-page\" data-elementor-id=\"517\" class=\"elementor elementor-517\" data-elementor-settings=\"{&quot;ha_cmc_init_switcher&quot;:&quot;no&quot;}\" data-elementor-post-type=\"page\">\n\t\t\t\t\t\t<section class=\"elementor-section elementor-top-section elementor-element elementor-element-77319f6e elementor-section-height-min-height elementor-section-content-middle elementor-section-boxed elementor-section-height-default elementor-section-items-middle\" data-id=\"77319f6e\" data-element_type=\"section\" data-e-type=\"section\" data-settings=\"{&quot;background_background&quot;:&quot;classic&quot;,&quot;_ha_eqh_enable&quot;:false}\">\n\t\t\t\t\t\t\t<div class=\"elementor-background-overlay\"><\/div>\n\t\t\t\t\t\t\t<div class=\"elementor-container elementor-column-gap-no\">\n\t\t\t\t\t<div class=\"elementor-column elementor-col-100 elementor-top-column elementor-element elementor-element-1d61ebcf\" data-id=\"1d61ebcf\" data-element_type=\"column\" data-e-type=\"column\">\n\t\t\t<div class=\"elementor-widget-wrap elementor-element-populated\">\n\t\t\t\t\t\t<div class=\"elementor-element elementor-element-603d6bbe elementor-widget elementor-widget-heading\" data-id=\"603d6bbe\" data-element_type=\"widget\" data-e-type=\"widget\" data-widget_type=\"heading.default\">\n\t\t\t\t<div class=\"elementor-widget-container\">\n\t\t\t\t\t<h1 class=\"elementor-heading-title elementor-size-default\">PALGAARVESTUS<\/h1>\t\t\t\t<\/div>\n\t\t\t\t<\/div>\n\t\t\t\t\t<\/div>\n\t\t<\/div>\n\t\t\t\t\t<\/div>\n\t\t<\/section>\n\t\t\t\t<section class=\"elementor-section elementor-top-section elementor-element elementor-element-3fe8a4d elementor-section-boxed elementor-section-height-default elementor-section-height-default\" data-id=\"3fe8a4d\" data-element_type=\"section\" data-e-type=\"section\" data-settings=\"{&quot;_ha_eqh_enable&quot;:false}\">\n\t\t\t\t\t\t<div class=\"elementor-container elementor-column-gap-default\">\n\t\t\t\t\t<div class=\"elementor-column elementor-col-100 elementor-top-column elementor-element elementor-element-c64d38e\" data-id=\"c64d38e\" data-element_type=\"column\" data-e-type=\"column\">\n\t\t\t<div class=\"elementor-widget-wrap elementor-element-populated\">\n\t\t\t\t\t\t<section class=\"elementor-section elementor-inner-section elementor-element elementor-element-5a78aee elementor-section-boxed elementor-section-height-default elementor-section-height-default\" data-id=\"5a78aee\" data-element_type=\"section\" data-e-type=\"section\" data-settings=\"{&quot;_ha_eqh_enable&quot;:false}\">\n\t\t\t\t\t\t<div class=\"elementor-container elementor-column-gap-default\">\n\t\t\t\t\t<div class=\"elementor-column elementor-col-100 elementor-inner-column elementor-element elementor-element-6af4d5e\" data-id=\"6af4d5e\" data-element_type=\"column\" data-e-type=\"column\">\n\t\t\t<div class=\"elementor-widget-wrap elementor-element-populated\">\n\t\t\t\t\t\t<div class=\"elementor-element elementor-element-c3a055f elementor-widget elementor-widget-heading\" data-id=\"c3a055f\" data-element_type=\"widget\" data-e-type=\"widget\" data-widget_type=\"heading.default\">\n\t\t\t\t<div class=\"elementor-widget-container\">\n\t\t\t\t\t<h2 class=\"elementor-heading-title elementor-size-default\">PALGAARVESTUS<\/h2>\t\t\t\t<\/div>\n\t\t\t\t<\/div>\n\t\t\t\t<div class=\"elementor-element elementor-element-46664ea elementor-widget elementor-widget-text-editor\" data-id=\"46664ea\" data-element_type=\"widget\" data-e-type=\"widget\" data-widget_type=\"text-editor.default\">\n\t\t\t\t<div class=\"elementor-widget-container\">\n\t\t\t\t\t\t\t\t\t<p><span style=\"font-weight: 400;\">Palgaarvestust pakume <\/span><b>nii raamatupidamisteenuse osana kui ka eraldiseisva teenusena<\/b><span style=\"font-weight: 400;\">.\u00a0<\/span><\/p><p><span style=\"font-weight: 400;\">Abistame ning n\u00f5ustame t\u00f6\u00f6seadusandluse ja personaliga seotud k\u00fcsimustes ning aitame koostada t\u00f6\u00f6lepinguid.<\/span><\/p><p><b>Meie poolt pakutav palgaarvestus sisaldab:<\/b><\/p>\t\t\t\t\t\t\t\t<\/div>\n\t\t\t\t<\/div>\n\t\t\t\t\t<\/div>\n\t\t<\/div>\n\t\t\t\t\t<\/div>\n\t\t<\/section>\n\t\t\t\t<section class=\"elementor-section elementor-inner-section elementor-element elementor-element-7136640 elementor-section-boxed elementor-section-height-default elementor-section-height-default\" data-id=\"7136640\" data-element_type=\"section\" data-e-type=\"section\" data-settings=\"{&quot;_ha_eqh_enable&quot;:false}\">\n\t\t\t\t\t\t<div class=\"elementor-container elementor-column-gap-default\">\n\t\t\t\t\t<div class=\"elementor-column elementor-col-50 elementor-inner-column elementor-element elementor-element-105f9fb\" data-id=\"105f9fb\" data-element_type=\"column\" data-e-type=\"column\">\n\t\t\t<div class=\"elementor-widget-wrap elementor-element-populated\">\n\t\t\t\t\t\t<div class=\"elementor-element elementor-element-ab7af1c elementor-widget elementor-widget-text-editor\" data-id=\"ab7af1c\" data-element_type=\"widget\" data-e-type=\"widget\" data-widget_type=\"text-editor.default\">\n\t\t\t\t<div class=\"elementor-widget-container\">\n\t\t\t\t\t\t\t\t\t<ul><li style=\"font-weight: 400;\" aria-level=\"1\"><span style=\"font-weight: 400;\">T\u00f6\u00f6lepingu s\u00f5lmimine, muutmine ja l\u00f5petamine<\/span><\/li><li style=\"font-weight: 400;\" aria-level=\"1\"><span style=\"font-weight: 400;\">T\u00f6\u00f6ajaarvestus\u00a0<\/span><\/li><li style=\"font-weight: 400;\" aria-level=\"1\"><span style=\"font-weight: 400;\">Puhkusearvestus ja puhkusegraafikute koostamine<\/span><\/li><li style=\"font-weight: 400;\" aria-level=\"1\"><span style=\"font-weight: 400;\">Haigusp\u00e4evade arvestus<\/span><\/li><\/ul>\t\t\t\t\t\t\t\t<\/div>\n\t\t\t\t<\/div>\n\t\t\t\t\t<\/div>\n\t\t<\/div>\n\t\t\t\t<div class=\"elementor-column elementor-col-50 elementor-inner-column elementor-element elementor-element-629a3a0\" data-id=\"629a3a0\" data-element_type=\"column\" data-e-type=\"column\">\n\t\t\t<div class=\"elementor-widget-wrap elementor-element-populated\">\n\t\t\t\t\t\t<div class=\"elementor-element elementor-element-4bf092e elementor-widget elementor-widget-text-editor\" data-id=\"4bf092e\" data-element_type=\"widget\" data-e-type=\"widget\" data-widget_type=\"text-editor.default\">\n\t\t\t\t<div class=\"elementor-widget-container\">\n\t\t\t\t\t\t\t\t\t<ul><li style=\"font-weight: 400;\" aria-level=\"1\"><span style=\"font-weight: 400;\">T\u00f6\u00f6v\u00f5tulepingu\/k\u00e4sunduslepingu koostamine<\/span><\/li><li style=\"font-weight: 400;\" aria-level=\"1\"><span style=\"font-weight: 400;\">Maksudeklaratsioonide ja vormide koostamine ning esitamine (TSD, INF)<\/span><\/li><li style=\"font-weight: 400;\" aria-level=\"1\"><span style=\"font-weight: 400;\">Ettev\u00f5tte esindamine maksuametis, haigekassas<\/span><\/li><li style=\"font-weight: 400;\" aria-level=\"1\"><span style=\"font-weight: 400;\">Anname tekkinud k\u00fcsimustele kiired ja professionaalsed vastused.<\/span><\/li><\/ul>\t\t\t\t\t\t\t\t<\/div>\n\t\t\t\t<\/div>\n\t\t\t\t\t<\/div>\n\t\t<\/div>\n\t\t\t\t\t<\/div>\n\t\t<\/section>\n\t\t\t\t\t<\/div>\n\t\t<\/div>\n\t\t\t\t\t<\/div>\n\t\t<\/section>\n\t\t\t\t<section class=\"elementor-section elementor-top-section elementor-element elementor-element-b47ad84 elementor-section-boxed elementor-section-height-default elementor-section-height-default\" data-id=\"b47ad84\" data-element_type=\"section\" data-e-type=\"section\" data-settings=\"{&quot;_ha_eqh_enable&quot;:false}\">\n\t\t\t\t\t\t<div class=\"elementor-container elementor-column-gap-default\">\n\t\t\t\t\t<div class=\"elementor-column elementor-col-50 elementor-top-column elementor-element elementor-element-1433b11\" data-id=\"1433b11\" data-element_type=\"column\" data-e-type=\"column\">\n\t\t\t<div class=\"elementor-widget-wrap elementor-element-populated\">\n\t\t\t\t\t\t<div class=\"elementor-element elementor-element-aba7161 elementor-widget elementor-widget-heading\" data-id=\"aba7161\" data-element_type=\"widget\" data-e-type=\"widget\" data-widget_type=\"heading.default\">\n\t\t\t\t<div class=\"elementor-widget-container\">\n\t\t\t\t\t<h2 class=\"elementor-heading-title elementor-size-default\">Vajad abi v\u00f5i tekkis k\u00fcsimus?\n<\/h2>\t\t\t\t<\/div>\n\t\t\t\t<\/div>\n\t\t\t\t<div class=\"elementor-element elementor-element-73cfcb9 elementor-widget-divider--view-line elementor-widget elementor-widget-divider\" data-id=\"73cfcb9\" data-element_type=\"widget\" data-e-type=\"widget\" data-widget_type=\"divider.default\">\n\t\t\t\t<div class=\"elementor-widget-container\">\n\t\t\t\t\t\t\t<div class=\"elementor-divider\">\n\t\t\t<span class=\"elementor-divider-separator\">\n\t\t\t\t\t\t<\/span>\n\t\t<\/div>\n\t\t\t\t\t\t<\/div>\n\t\t\t\t<\/div>\n\t\t\t\t<div class=\"elementor-element elementor-element-478ebd3 elementor-widget elementor-widget-text-editor\" data-id=\"478ebd3\" data-element_type=\"widget\" data-e-type=\"widget\" data-widget_type=\"text-editor.default\">\n\t\t\t\t<div class=\"elementor-widget-container\">\n\t\t\t\t\t\t\t\t\t<p><span style=\"font-weight: 400;\">Kui soovid, et Sinu <strong>rahaasjad oleksid korraks<\/strong> ning ettev\u00f5te ei peaks muretsema\u00a0<\/span><span style=\"font-weight: 400;\">raamatupidamise p\u00e4rast, siis v\u00f5ta \u00fchendust ning teeme just Sinu vajadustest <\/span><span style=\"font-weight: 400;\">l\u00e4htuva <strong>parima pakkumise.<\/strong><\/span><\/p>\t\t\t\t\t\t\t\t<\/div>\n\t\t\t\t<\/div>\n\t\t\t\t<div class=\"elementor-element elementor-element-9da5e15 elementor-icon-list--layout-traditional elementor-list-item-link-full_width elementor-widget elementor-widget-icon-list\" data-id=\"9da5e15\" data-element_type=\"widget\" data-e-type=\"widget\" data-widget_type=\"icon-list.default\">\n\t\t\t\t<div class=\"elementor-widget-container\">\n\t\t\t\t\t\t\t<ul class=\"elementor-icon-list-items\">\n\t\t\t\t\t\t\t<li class=\"elementor-icon-list-item\">\n\t\t\t\t\t\t\t\t\t\t<span class=\"elementor-icon-list-text\">Purgato O\u00dc<\/span>\n\t\t\t\t\t\t\t\t\t<\/li>\n\t\t\t\t\t\t\t\t<li class=\"elementor-icon-list-item\">\n\t\t\t\t\t\t\t\t\t\t<span class=\"elementor-icon-list-text\">Reg kood: 12790409<\/span>\n\t\t\t\t\t\t\t\t\t<\/li>\n\t\t\t\t\t\t\t\t<li class=\"elementor-icon-list-item\">\n\t\t\t\t\t\t\t\t\t\t\t<a href=\"mailto:katiliis@purgato.ee\">\n\n\t\t\t\t\t\t\t\t\t\t\t\t<span class=\"elementor-icon-list-icon\">\n\t\t\t\t\t\t\t<i aria-hidden=\"true\" class=\"fas fa-envelope-open-text\"><\/i>\t\t\t\t\t\t<\/span>\n\t\t\t\t\t\t\t\t\t\t<span class=\"elementor-icon-list-text\">katiliis@purgato.ee <\/span>\n\t\t\t\t\t\t\t\t\t\t\t<\/a>\n\t\t\t\t\t\t\t\t\t<\/li>\n\t\t\t\t\t\t\t\t<li class=\"elementor-icon-list-item\">\n\t\t\t\t\t\t\t\t\t\t\t<a href=\"mailto:katiliis@purgato.ee\">\n\n\t\t\t\t\t\t\t\t\t\t\t\t<span class=\"elementor-icon-list-icon\">\n\t\t\t\t\t\t\t<i aria-hidden=\"true\" class=\"fas fa-envelope-open-text\"><\/i>\t\t\t\t\t\t<\/span>\n\t\t\t\t\t\t\t\t\t\t<span class=\"elementor-icon-list-text\">info@purgato.ee<\/span>\n\t\t\t\t\t\t\t\t\t\t\t<\/a>\n\t\t\t\t\t\t\t\t\t<\/li>\n\t\t\t\t\t\t\t\t<li class=\"elementor-icon-list-item\">\n\t\t\t\t\t\t\t\t\t\t\t<a href=\"tel:58135293\">\n\n\t\t\t\t\t\t\t\t\t\t\t\t<span class=\"elementor-icon-list-icon\">\n\t\t\t\t\t\t\t<i aria-hidden=\"true\" class=\"fas fa-mobile-alt\"><\/i>\t\t\t\t\t\t<\/span>\n\t\t\t\t\t\t\t\t\t\t<span class=\"elementor-icon-list-text\">+372 5813 5293 - Kati-Liis Sgirka<\/span>\n\t\t\t\t\t\t\t\t\t\t\t<\/a>\n\t\t\t\t\t\t\t\t\t<\/li>\n\t\t\t\t\t\t\t\t<li class=\"elementor-icon-list-item\">\n\t\t\t\t\t\t\t\t\t\t\t<a href=\"tel:58115808\">\n\n\t\t\t\t\t\t\t\t\t\t\t\t<span class=\"elementor-icon-list-icon\">\n\t\t\t\t\t\t\t<i aria-hidden=\"true\" class=\"fas fa-mobile-alt\"><\/i>\t\t\t\t\t\t<\/span>\n\t\t\t\t\t\t\t\t\t\t<span class=\"elementor-icon-list-text\">+372 5811 5808 - Rauno Sgirka<\/span>\n\t\t\t\t\t\t\t\t\t\t\t<\/a>\n\t\t\t\t\t\t\t\t\t<\/li>\n\t\t\t\t\t\t<\/ul>\n\t\t\t\t\t\t<\/div>\n\t\t\t\t<\/div>\n\t\t\t\t\t<\/div>\n\t\t<\/div>\n\t\t\t\t<div class=\"elementor-column elementor-col-50 elementor-top-column elementor-element elementor-element-10029b9\" data-id=\"10029b9\" data-element_type=\"column\" data-e-type=\"column\">\n\t\t\t<div class=\"elementor-widget-wrap elementor-element-populated\">\n\t\t\t\t\t\t<div class=\"elementor-element elementor-element-bbdccc6 elementor-widget elementor-widget-wpforms\" data-id=\"bbdccc6\" data-element_type=\"widget\" data-e-type=\"widget\" data-widget_type=\"wpforms.default\">\n\t\t\t\t<div class=\"elementor-widget-container\">\n\t\t\t\t\t<div class=\"wpforms-container wpforms-container-full\" id=\"wpforms-202\"><form id=\"wpforms-form-202\" class=\"wpforms-validate wpforms-form\" data-formid=\"202\" method=\"post\" enctype=\"multipart\/form-data\" action=\"\/en\/wp-json\/wp\/v2\/pages\/517\" data-token=\"e2aea642b9dee224e8dac2bec0826762\" data-token-time=\"1776307385\"><noscript class=\"wpforms-error-noscript\">Please enable JavaScript in your browser to complete this form.<\/noscript><div class=\"wpforms-field-container\"><div id=\"wpforms-202-field_0-container\" class=\"wpforms-field wpforms-field-name wpforms-one-half wpforms-first\" data-field-id=\"0\"><label class=\"wpforms-field-label\" for=\"wpforms-202-field_0\">Nimi <span class=\"wpforms-required-label\">*<\/span><\/label><input type=\"text\" id=\"wpforms-202-field_0\" class=\"wpforms-field-large wpforms-field-required\" name=\"wpforms[fields][0]\" required><\/div><div id=\"wpforms-202-field_3-container\" class=\"wpforms-field wpforms-field-number wpforms-one-half\" data-field-id=\"3\"><label class=\"wpforms-field-label\" for=\"wpforms-202-field_3\">Telefon<\/label><input type=\"number\" id=\"wpforms-202-field_3\" class=\"wpforms-field-large\" name=\"wpforms[fields][3]\" step=\"any\" ><\/div><div id=\"wpforms-202-field_1-container\" class=\"wpforms-field wpforms-field-email\" data-field-id=\"1\"><label class=\"wpforms-field-label\" for=\"wpforms-202-field_1\">Email <span class=\"wpforms-required-label\">*<\/span><\/label><input type=\"email\" id=\"wpforms-202-field_1\" class=\"wpforms-field-large wpforms-field-required\" name=\"wpforms[fields][1]\" spellcheck=\"false\" required><\/div><div id=\"wpforms-202-field_2-container\" class=\"wpforms-field wpforms-field-textarea\" data-field-id=\"2\"><label class=\"wpforms-field-label\" for=\"wpforms-202-field_2\">Kirjutage siia enda teade\/s\u00f5num <span class=\"wpforms-required-label\">*<\/span><\/label><textarea id=\"wpforms-202-field_2\" class=\"wpforms-field-medium wpforms-field-required\" name=\"wpforms[fields][2]\" required><\/textarea><\/div><\/div><!-- .wpforms-field-container --><div class=\"wpforms-recaptcha-container wpforms-is-recaptcha wpforms-is-recaptcha-type-v2\" ><div class=\"g-recaptcha\" data-sitekey=\"6Lc2_8sfAAAAAN0z2fMmXDRp5cyfU6FobILt4vSh\"><\/div><input type=\"text\" name=\"g-recaptcha-hidden\" class=\"wpforms-recaptcha-hidden\" style=\"position:absolute!important;clip:rect(0,0,0,0)!important;height:1px!important;width:1px!important;border:0!important;overflow:hidden!important;padding:0!important;margin:0!important;\" data-rule-recaptcha=\"1\"><\/div><div class=\"wpforms-submit-container\" ><input type=\"hidden\" name=\"wpforms[id]\" value=\"202\"><input type=\"hidden\" name=\"page_title\" value=\"\"><input type=\"hidden\" name=\"page_url\" value=\"https:\/\/purgato.ee\/en\/wp-json\/wp\/v2\/pages\/517\"><input type=\"hidden\" name=\"url_referer\" value=\"\"><button type=\"submit\" name=\"wpforms[submit]\" id=\"wpforms-submit-202\" class=\"wpforms-submit\" data-alt-text=\"Sending...\" data-submit-text=\"Saada\" aria-live=\"assertive\" value=\"wpforms-submit\">Saada<\/button><\/div><\/form><\/div>  <!-- .wpforms-container -->\t\t\t\t<\/div>\n\t\t\t\t<\/div>\n\t\t\t\t\t<\/div>\n\t\t<\/div>\n\t\t\t\t\t<\/div>\n\t\t<\/section>\n\t\t\t\t<\/div>\n\t\t","protected":false},"excerpt":{"rendered":"<p>PALGAARVESTUS PALGAARVESTUS Palgaarvestust pakume nii raamatupidamisteenuse osana kui ka eraldiseisva teenusena.\u00a0 Abistame ning n\u00f5ustame t\u00f6\u00f6seadusandluse ja personaliga seotud k\u00fcsimustes ning aitame koostada t\u00f6\u00f6lepinguid. Meie poolt pakutav palgaarvestus sisaldab: T\u00f6\u00f6lepingu s\u00f5lmimine, muutmine ja l\u00f5petamine T\u00f6\u00f6ajaarvestus\u00a0 Puhkusearvestus ja puhkusegraafikute koostamine Haigusp\u00e4evade arvestus T\u00f6\u00f6v\u00f5tulepingu\/k\u00e4sunduslepingu koostamine Maksudeklaratsioonide ja vormide koostamine ning esitamine (TSD, INF) Ettev\u00f5tte esindamine maksuametis, haigekassas Anname [&hellip;]<\/p>\n","protected":false},"author":1,"featured_media":0,"parent":0,"menu_order":0,"comment_status":"closed","ping_status":"closed","template":"","meta":{"footnotes":""},"class_list":["post-517","page","type-page","status-publish","hentry"],"yoast_head":"<!-- This site is optimized with the Yoast SEO plugin v27.3 - https:\/\/yoast.com\/product\/yoast-seo-wordpress\/ -->\n<title>Palgaarvestus - Purgato<\/title>\n<meta name=\"description\" content=\"Palgaarvestus - S\u00e4\u00e4sta aega ja v\u00e4ldi vigu, las meie spetsialistid hoolitsevad t\u00f6\u00f6tasude, maksude ja aruandluse eest.\" \/>\n<meta name=\"robots\" content=\"index, follow, max-snippet:-1, max-image-preview:large, max-video-preview:-1\" \/>\n<link rel=\"canonical\" href=\"https:\/\/purgato.ee\/en\/payroll\/\" \/>\n<meta property=\"og:locale\" content=\"en_GB\" \/>\n<meta property=\"og:type\" content=\"article\" \/>\n<meta property=\"og:title\" content=\"Palgaarvestus - Purgato\" \/>\n<meta property=\"og:description\" content=\"Palgaarvestus - S\u00e4\u00e4sta aega ja v\u00e4ldi vigu, las meie spetsialistid hoolitsevad t\u00f6\u00f6tasude, maksude ja aruandluse eest.\" \/>\n<meta property=\"og:url\" content=\"https:\/\/purgato.ee\/en\/payroll\/\" \/>\n<meta property=\"og:site_name\" content=\"Purgato\" \/>\n<meta property=\"article:modified_time\" content=\"2026-01-25T20:08:06+00:00\" \/>\n<meta property=\"og:image\" content=\"https:\/\/purgato.ee\/wp-content\/uploads\/2021\/07\/nr-4.jpg\" \/>\n\t<meta property=\"og:image:width\" content=\"1920\" \/>\n\t<meta property=\"og:image:height\" content=\"1080\" \/>\n\t<meta property=\"og:image:type\" content=\"image\/jpeg\" \/>\n<meta name=\"twitter:card\" content=\"summary_large_image\" \/>\n<meta name=\"twitter:label1\" content=\"Estimated reading time\" \/>\n\t<meta name=\"twitter:data1\" content=\"1 minute\" \/>\n<script type=\"application\/ld+json\" class=\"yoast-schema-graph\">{\"@context\":\"https:\\\/\\\/schema.org\",\"@graph\":[{\"@type\":\"WebPage\",\"@id\":\"https:\\\/\\\/purgato.ee\\\/palgaarvestus\\\/\",\"url\":\"https:\\\/\\\/purgato.ee\\\/palgaarvestus\\\/\",\"name\":\"Palgaarvestus - Purgato\",\"isPartOf\":{\"@id\":\"https:\\\/\\\/purgato.ee\\\/#website\"},\"datePublished\":\"2021-07-19T11:21:53+00:00\",\"dateModified\":\"2026-01-25T20:08:06+00:00\",\"description\":\"Palgaarvestus - S\u00e4\u00e4sta aega ja v\u00e4ldi vigu, las meie spetsialistid hoolitsevad t\u00f6\u00f6tasude, maksude ja aruandluse eest.\",\"breadcrumb\":{\"@id\":\"https:\\\/\\\/purgato.ee\\\/palgaarvestus\\\/#breadcrumb\"},\"inLanguage\":\"en-GB\",\"potentialAction\":[{\"@type\":\"ReadAction\",\"target\":[\"https:\\\/\\\/purgato.ee\\\/palgaarvestus\\\/\"]}]},{\"@type\":\"BreadcrumbList\",\"@id\":\"https:\\\/\\\/purgato.ee\\\/palgaarvestus\\\/#breadcrumb\",\"itemListElement\":[{\"@type\":\"ListItem\",\"position\":1,\"name\":\"Home\",\"item\":\"https:\\\/\\\/purgato.ee\\\/\"},{\"@type\":\"ListItem\",\"position\":2,\"name\":\"Palgaarvestus\"}]},{\"@type\":\"WebSite\",\"@id\":\"https:\\\/\\\/purgato.ee\\\/#website\",\"url\":\"https:\\\/\\\/purgato.ee\\\/\",\"name\":\"Purgato\",\"description\":\"Raamatupidamisteenused sinu ettev&otilde;ttele\",\"publisher\":{\"@id\":\"https:\\\/\\\/purgato.ee\\\/#organization\"},\"potentialAction\":[{\"@type\":\"SearchAction\",\"target\":{\"@type\":\"EntryPoint\",\"urlTemplate\":\"https:\\\/\\\/purgato.ee\\\/?s={search_term_string}\"},\"query-input\":{\"@type\":\"PropertyValueSpecification\",\"valueRequired\":true,\"valueName\":\"search_term_string\"}}],\"inLanguage\":\"en-GB\"},{\"@type\":\"Organization\",\"@id\":\"https:\\\/\\\/purgato.ee\\\/#organization\",\"name\":\"Purgato\",\"url\":\"https:\\\/\\\/purgato.ee\\\/\",\"logo\":{\"@type\":\"ImageObject\",\"inLanguage\":\"en-GB\",\"@id\":\"https:\\\/\\\/purgato.ee\\\/#\\\/schema\\\/logo\\\/image\\\/\",\"url\":\"https:\\\/\\\/purgato.ee\\\/wp-content\\\/uploads\\\/2021\\\/06\\\/204077865_2574331686194027_170180605810570648_n.jpg\",\"contentUrl\":\"https:\\\/\\\/purgato.ee\\\/wp-content\\\/uploads\\\/2021\\\/06\\\/204077865_2574331686194027_170180605810570648_n.jpg\",\"width\":240,\"height\":104,\"caption\":\"Purgato\"},\"image\":{\"@id\":\"https:\\\/\\\/purgato.ee\\\/#\\\/schema\\\/logo\\\/image\\\/\"}}]}<\/script>\n<!-- \/ Yoast SEO plugin. -->","yoast_head_json":{"title":"Payroll Service - Purgato","description":"Palgaarvestus - S\u00e4\u00e4sta aega ja v\u00e4ldi vigu, las meie spetsialistid hoolitsevad t\u00f6\u00f6tasude, maksude ja aruandluse eest.","robots":{"index":"index","follow":"follow","max-snippet":"max-snippet:-1","max-image-preview":"max-image-preview:large","max-video-preview":"max-video-preview:-1"},"canonical":"https:\/\/purgato.ee\/en\/payroll\/","og_locale":"en_GB","og_type":"article","og_title":"Palgaarvestus - Purgato","og_description":"Palgaarvestus - S\u00e4\u00e4sta aega ja v\u00e4ldi vigu, las meie spetsialistid hoolitsevad t\u00f6\u00f6tasude, maksude ja aruandluse eest.","og_url":"https:\/\/purgato.ee\/en\/payroll\/","og_site_name":"Purgato","article_modified_time":"2026-01-25T20:08:06+00:00","og_image":[{"width":1920,"height":1080,"url":"https:\/\/purgato.ee\/wp-content\/uploads\/2021\/07\/nr-4.jpg","type":"image\/jpeg"}],"twitter_card":"summary_large_image","twitter_misc":{"Estimated reading time":"1 minute"},"schema":{"@context":"https:\/\/schema.org","@graph":[{"@type":"WebPage","@id":"https:\/\/purgato.ee\/palgaarvestus\/","url":"https:\/\/purgato.ee\/palgaarvestus\/","name":"Payroll Service - Purgato","isPartOf":{"@id":"https:\/\/purgato.ee\/#website"},"datePublished":"2021-07-19T11:21:53+00:00","dateModified":"2026-01-25T20:08:06+00:00","description":"Palgaarvestus - S\u00e4\u00e4sta aega ja v\u00e4ldi vigu, las meie spetsialistid hoolitsevad t\u00f6\u00f6tasude, maksude ja aruandluse eest.","breadcrumb":{"@id":"https:\/\/purgato.ee\/palgaarvestus\/#breadcrumb"},"inLanguage":"en-GB","potentialAction":[{"@type":"ReadAction","target":["https:\/\/purgato.ee\/palgaarvestus\/"]}]},{"@type":"BreadcrumbList","@id":"https:\/\/purgato.ee\/palgaarvestus\/#breadcrumb","itemListElement":[{"@type":"ListItem","position":1,"name":"Home","item":"https:\/\/purgato.ee\/"},{"@type":"ListItem","position":2,"name":"Palgaarvestus"}]},{"@type":"WebSite","@id":"https:\/\/purgato.ee\/#website","url":"https:\/\/purgato.ee\/","name":"Purgato","description":"Raamatupidamisteenused sinu ettev&otilde;ttele","publisher":{"@id":"https:\/\/purgato.ee\/#organization"},"potentialAction":[{"@type":"SearchAction","target":{"@type":"EntryPoint","urlTemplate":"https:\/\/purgato.ee\/?s={search_term_string}"},"query-input":{"@type":"PropertyValueSpecification","valueRequired":true,"valueName":"search_term_string"}}],"inLanguage":"en-GB"},{"@type":"Organization","@id":"https:\/\/purgato.ee\/#organization","name":"Purgato","url":"https:\/\/purgato.ee\/","logo":{"@type":"ImageObject","inLanguage":"en-GB","@id":"https:\/\/purgato.ee\/#\/schema\/logo\/image\/","url":"https:\/\/purgato.ee\/wp-content\/uploads\/2021\/06\/204077865_2574331686194027_170180605810570648_n.jpg","contentUrl":"https:\/\/purgato.ee\/wp-content\/uploads\/2021\/06\/204077865_2574331686194027_170180605810570648_n.jpg","width":240,"height":104,"caption":"Purgato"},"image":{"@id":"https:\/\/purgato.ee\/#\/schema\/logo\/image\/"}}]}},"_links":{"self":[{"href":"https:\/\/purgato.ee\/en\/wp-json\/wp\/v2\/pages\/517","targetHints":{"allow":["GET"]}}],"collection":[{"href":"https:\/\/purgato.ee\/en\/wp-json\/wp\/v2\/pages"}],"about":[{"href":"https:\/\/purgato.ee\/en\/wp-json\/wp\/v2\/types\/page"}],"author":[{"embeddable":true,"href":"https:\/\/purgato.ee\/en\/wp-json\/wp\/v2\/users\/1"}],"replies":[{"embeddable":true,"href":"https:\/\/purgato.ee\/en\/wp-json\/wp\/v2\/comments?post=517"}],"version-history":[{"count":64,"href":"https:\/\/purgato.ee\/en\/wp-json\/wp\/v2\/pages\/517\/revisions"}],"predecessor-version":[{"id":2396,"href":"https:\/\/purgato.ee\/en\/wp-json\/wp\/v2\/pages\/517\/revisions\/2396"}],"wp:attachment":[{"href":"https:\/\/purgato.ee\/en\/wp-json\/wp\/v2\/media?parent=517"}],"curies":[{"name":"wp","href":"https:\/\/api.w.org\/{rel}","templated":true}]}}