{"id":2563,"date":"2026-01-28T14:46:12","date_gmt":"2026-01-28T14:46:12","guid":{"rendered":"https:\/\/purgato.ee\/?page_id=2563"},"modified":"2026-01-28T14:53:41","modified_gmt":"2026-01-28T14:53:41","slug":"maksekasu-kiirmenetlus-teenus","status":"publish","type":"page","link":"https:\/\/purgato.ee\/en\/maksekasu-kiirmenetlus-teenus\/","title":{"rendered":"Fast-track payment order procedure service"},"content":{"rendered":"\t\t<div data-elementor-type=\"wp-page\" data-elementor-id=\"2563\" class=\"elementor elementor-2563\" data-elementor-settings=\"{&quot;ha_cmc_init_switcher&quot;:&quot;no&quot;}\" data-elementor-post-type=\"page\">\n\t\t\t\t\t\t<section class=\"elementor-section elementor-top-section elementor-element elementor-element-5542aed elementor-section-height-min-height elementor-section-content-middle elementor-section-boxed elementor-section-height-default elementor-section-items-middle\" data-id=\"5542aed\" data-element_type=\"section\" data-e-type=\"section\" data-settings=\"{&quot;background_background&quot;:&quot;classic&quot;,&quot;_ha_eqh_enable&quot;:false}\">\n\t\t\t\t\t\t\t<div class=\"elementor-background-overlay\"><\/div>\n\t\t\t\t\t\t\t<div class=\"elementor-container elementor-column-gap-no\">\n\t\t\t\t\t<div class=\"elementor-column elementor-col-100 elementor-top-column elementor-element elementor-element-3ae9120\" data-id=\"3ae9120\" data-element_type=\"column\" data-e-type=\"column\">\n\t\t\t<div class=\"elementor-widget-wrap elementor-element-populated\">\n\t\t\t\t\t\t<div class=\"elementor-element elementor-element-da36c22 elementor-widget elementor-widget-heading\" data-id=\"da36c22\" data-element_type=\"widget\" data-e-type=\"widget\" data-widget_type=\"heading.default\">\n\t\t\t\t<div class=\"elementor-widget-container\">\n\t\t\t\t\t<h1 class=\"elementor-heading-title elementor-size-default\">MAKSEK\u00c4SU KIIRMENETLUS<\/h1>\t\t\t\t<\/div>\n\t\t\t\t<\/div>\n\t\t\t\t\t<\/div>\n\t\t<\/div>\n\t\t\t\t\t<\/div>\n\t\t<\/section>\n\t\t\t\t<section class=\"elementor-section elementor-top-section elementor-element elementor-element-de8b6ca elementor-section-boxed elementor-section-height-default elementor-section-height-default\" data-id=\"de8b6ca\" data-element_type=\"section\" data-e-type=\"section\" data-settings=\"{&quot;_ha_eqh_enable&quot;:false}\">\n\t\t\t\t\t\t<div class=\"elementor-container elementor-column-gap-default\">\n\t\t\t\t\t<div class=\"elementor-column elementor-col-100 elementor-top-column elementor-element elementor-element-37ec95f\" data-id=\"37ec95f\" data-element_type=\"column\" data-e-type=\"column\">\n\t\t\t<div class=\"elementor-widget-wrap elementor-element-populated\">\n\t\t\t\t\t\t<div class=\"elementor-element elementor-element-4852f66 elementor-widget elementor-widget-heading\" data-id=\"4852f66\" data-element_type=\"widget\" data-e-type=\"widget\" data-widget_type=\"heading.default\">\n\t\t\t\t<div class=\"elementor-widget-container\">\n\t\t\t\t\t<h2 class=\"elementor-heading-title elementor-size-default\">MAKSEK\u00c4SU KIIRMENETLUSE TEENUS<\/h2>\t\t\t\t<\/div>\n\t\t\t\t<\/div>\n\t\t\t\t<div class=\"elementor-element elementor-element-91c1ecf elementor-widget elementor-widget-text-editor\" data-id=\"91c1ecf\" data-element_type=\"widget\" data-e-type=\"widget\" data-widget_type=\"text-editor.default\">\n\t\t\t\t<div class=\"elementor-widget-container\">\n\t\t\t\t\t\t\t\t\t<p>Kiire ja t\u00f5hus lahendus rahaliste n\u00f5uete sissen\u00f5udmiseks.<\/p>\t\t\t\t\t\t\t\t<\/div>\n\t\t\t\t<\/div>\n\t\t\t\t<div class=\"elementor-element elementor-element-683853b elementor-widget elementor-widget-text-editor\" data-id=\"683853b\" data-element_type=\"widget\" data-e-type=\"widget\" data-widget_type=\"text-editor.default\">\n\t\t\t\t<div class=\"elementor-widget-container\">\n\t\t\t\t\t\t\t\t\t<p>Maksek\u00e4su kiirmenetlus on praktiline lahendus olukordades, kus ettev\u00f5ttel on tekkinud tasumata rahalisi n\u00f5udeid.<br \/>Meie teenus on <strong>kiire ja kuluefektiivne<\/strong> viis rahalise n\u00f5ude sissen\u00f5udmiseks ilma tavap\u00e4rase hagimenetluseta. Menetlus toimub <b>elektrooniliselt<\/b> ning kohus lahendab avalduse \u00fcldjuhul<strong> kuni 10 t\u00f6\u00f6p\u00e4eva jooksul.<\/strong><\/p>\t\t\t\t\t\t\t\t<\/div>\n\t\t\t\t<\/div>\n\t\t\t\t\t<\/div>\n\t\t<\/div>\n\t\t\t\t\t<\/div>\n\t\t<\/section>\n\t\t\t\t<section class=\"elementor-section elementor-top-section elementor-element elementor-element-941a4f3 elementor-section-boxed elementor-section-height-default elementor-section-height-default\" data-id=\"941a4f3\" data-element_type=\"section\" data-e-type=\"section\" data-settings=\"{&quot;_ha_eqh_enable&quot;:false}\">\n\t\t\t\t\t\t<div class=\"elementor-container elementor-column-gap-default\">\n\t\t\t\t\t<div class=\"elementor-column elementor-col-100 elementor-top-column elementor-element elementor-element-0de8c69\" data-id=\"0de8c69\" data-element_type=\"column\" data-e-type=\"column\">\n\t\t\t<div class=\"elementor-widget-wrap elementor-element-populated\">\n\t\t\t\t\t\t<section class=\"elementor-section elementor-inner-section elementor-element elementor-element-53c161d elementor-section-boxed elementor-section-height-default elementor-section-height-default\" data-id=\"53c161d\" data-element_type=\"section\" data-e-type=\"section\" data-settings=\"{&quot;_ha_eqh_enable&quot;:false}\">\n\t\t\t\t\t\t<div class=\"elementor-container elementor-column-gap-default\">\n\t\t\t\t\t<div class=\"elementor-column elementor-col-100 elementor-inner-column elementor-element elementor-element-99aba4c\" data-id=\"99aba4c\" data-element_type=\"column\" data-e-type=\"column\">\n\t\t\t<div class=\"elementor-widget-wrap elementor-element-populated\">\n\t\t\t\t\t\t\t<\/div>\n\t\t<\/div>\n\t\t\t\t\t<\/div>\n\t\t<\/section>\n\t\t\t\t\t<\/div>\n\t\t<\/div>\n\t\t\t\t\t<\/div>\n\t\t<\/section>\n\t\t\t\t<section class=\"elementor-section elementor-top-section elementor-element elementor-element-f78145a elementor-section-boxed elementor-section-height-default elementor-section-height-default\" data-id=\"f78145a\" data-element_type=\"section\" data-e-type=\"section\" data-settings=\"{&quot;_ha_eqh_enable&quot;:false}\">\n\t\t\t\t\t\t<div class=\"elementor-container elementor-column-gap-default\">\n\t\t\t\t\t<div class=\"elementor-column elementor-col-50 elementor-top-column elementor-element elementor-element-c7c6a30\" data-id=\"c7c6a30\" data-element_type=\"column\" data-e-type=\"column\">\n\t\t\t<div class=\"elementor-widget-wrap elementor-element-populated\">\n\t\t\t\t\t\t<div class=\"elementor-element elementor-element-07e274a elementor-widget elementor-widget-text-editor\" data-id=\"07e274a\" data-element_type=\"widget\" data-e-type=\"widget\" data-widget_type=\"text-editor.default\">\n\t\t\t\t<div class=\"elementor-widget-container\">\n\t\t\t\t\t\t\t\t\t<p><strong>Sobib olukordades, kus:<\/strong><\/p><ul><li style=\"font-weight: 400;\" aria-level=\"1\">n\u00f5ue on rahaline, sissen\u00f5utav ja makset\u00e4htaeg on m\u00f6\u00f6dunud<\/li><li style=\"font-weight: 400;\" aria-level=\"1\">n\u00f5ude suurus on kuni 8000 \u20ac (koos k\u00f5rvaln\u00f5uetega)<\/li><li style=\"font-weight: 400;\" aria-level=\"1\">v\u00f5lgnik ei ole pankrotis<\/li><li style=\"font-weight: 400;\" aria-level=\"1\">n\u00f5uet ei vaidlustata v\u00f5i vastuv\u00e4idet ei esitata<\/li><\/ul>\t\t\t\t\t\t\t\t<\/div>\n\t\t\t\t<\/div>\n\t\t\t\t<div class=\"elementor-element elementor-element-9e04fd4 elementor-widget elementor-widget-text-editor\" data-id=\"9e04fd4\" data-element_type=\"widget\" data-e-type=\"widget\" data-widget_type=\"text-editor.default\">\n\t\t\t\t<div class=\"elementor-widget-container\">\n\t\t\t\t\t\t\t\t\t<p><strong>Menetluse eelised:<\/strong><\/p><ul><li style=\"font-weight: 400;\" aria-level=\"1\">Kiire menetlus<\/li><li style=\"font-weight: 400;\" aria-level=\"1\">V\u00e4iksemad kulud \u2013 riigil\u00f5iv on 3% n\u00f5ude summast, kuid mitte v\u00e4hem kui 65 \u20ac<\/li><li style=\"font-weight: 400;\" aria-level=\"1\">\u00dcldjuhul j\u00e4\u00e4vad menetluskulud v\u00f5lgniku kanda<\/li><li style=\"font-weight: 400;\" aria-level=\"1\">Kohtuistungit ei toimu<\/li><\/ul>\t\t\t\t\t\t\t\t<\/div>\n\t\t\t\t<\/div>\n\t\t\t\t\t<\/div>\n\t\t<\/div>\n\t\t\t\t<div class=\"elementor-column elementor-col-50 elementor-top-column elementor-element elementor-element-613c597\" data-id=\"613c597\" data-element_type=\"column\" data-e-type=\"column\">\n\t\t\t<div class=\"elementor-widget-wrap elementor-element-populated\">\n\t\t\t\t\t\t<div class=\"elementor-element elementor-element-3413269 elementor-widget elementor-widget-text-editor\" data-id=\"3413269\" data-element_type=\"widget\" data-e-type=\"widget\" data-widget_type=\"text-editor.default\">\n\t\t\t\t<div class=\"elementor-widget-container\">\n\t\t\t\t\t\t\t\t\t<p><strong>Meie poolt pakutav teenus sisaldab:<\/strong><\/p><ul><li style=\"font-weight: 400;\" aria-level=\"1\">N\u00f5ude ja menetluse sobivuse hindamist<\/li><li style=\"font-weight: 400;\" aria-level=\"1\">Maksek\u00e4su kiirmenetluse avalduse koostamist<\/li><li style=\"font-weight: 400;\" aria-level=\"1\">Avalduse esitamist e-toimiku kaudu<\/li><li style=\"font-weight: 400;\" aria-level=\"1\">Suhtlust kohtuga kogu menetluse v\u00e4ltel<\/li><li style=\"font-weight: 400;\" aria-level=\"1\">N\u00f5ustamist vastuv\u00e4ite v\u00f5i maksek\u00e4su tegemise korral<\/li><li style=\"font-weight: 400;\" aria-level=\"1\">Menetluse k\u00e4igu selgitamist arusaadavas keeles<\/li><li style=\"font-weight: 400;\" aria-level=\"1\">Kiiret ja personaalset teenindust<\/li><\/ul>\t\t\t\t\t\t\t\t<\/div>\n\t\t\t\t<\/div>\n\t\t\t\t\t<\/div>\n\t\t<\/div>\n\t\t\t\t\t<\/div>\n\t\t<\/section>\n\t\t\t\t<section class=\"elementor-section elementor-top-section elementor-element elementor-element-c5491ef elementor-section-boxed elementor-section-height-default elementor-section-height-default\" data-id=\"c5491ef\" data-element_type=\"section\" data-e-type=\"section\" data-settings=\"{&quot;_ha_eqh_enable&quot;:false}\">\n\t\t\t\t\t\t<div class=\"elementor-container elementor-column-gap-default\">\n\t\t\t\t\t<div class=\"elementor-column elementor-col-50 elementor-top-column elementor-element elementor-element-77ccd9f\" data-id=\"77ccd9f\" data-element_type=\"column\" data-e-type=\"column\">\n\t\t\t<div class=\"elementor-widget-wrap elementor-element-populated\">\n\t\t\t\t\t\t<div class=\"elementor-element elementor-element-33e370f elementor-widget elementor-widget-heading\" data-id=\"33e370f\" data-element_type=\"widget\" data-e-type=\"widget\" data-widget_type=\"heading.default\">\n\t\t\t\t<div class=\"elementor-widget-container\">\n\t\t\t\t\t<h2 class=\"elementor-heading-title elementor-size-default\">Vajad abi v\u00f5lgade sissen\u00f5udmisel?\n<\/h2>\t\t\t\t<\/div>\n\t\t\t\t<\/div>\n\t\t\t\t<div class=\"elementor-element elementor-element-196640c elementor-widget-divider--view-line elementor-widget elementor-widget-divider\" data-id=\"196640c\" data-element_type=\"widget\" data-e-type=\"widget\" data-widget_type=\"divider.default\">\n\t\t\t\t<div class=\"elementor-widget-container\">\n\t\t\t\t\t\t\t<div class=\"elementor-divider\">\n\t\t\t<span class=\"elementor-divider-separator\">\n\t\t\t\t\t\t<\/span>\n\t\t<\/div>\n\t\t\t\t\t\t<\/div>\n\t\t\t\t<\/div>\n\t\t\t\t<div class=\"elementor-element elementor-element-ff0cf5b elementor-widget elementor-widget-text-editor\" data-id=\"ff0cf5b\" data-element_type=\"widget\" data-e-type=\"widget\" data-widget_type=\"text-editor.default\">\n\t\t\t\t<div class=\"elementor-widget-container\">\n\t\t\t\t\t\t\t\t\t<p>Kui soovid oma n\u00f5udele kiiret ja seaduslikku lahendust, <strong>v\u00f5ta meiega \u00fchendust<\/strong> ning leiame just Sinu olukorrale sobivaima tee.<\/p>\t\t\t\t\t\t\t\t<\/div>\n\t\t\t\t<\/div>\n\t\t\t\t<div class=\"elementor-element elementor-element-28ff197 elementor-icon-list--layout-traditional elementor-list-item-link-full_width elementor-widget elementor-widget-icon-list\" data-id=\"28ff197\" data-element_type=\"widget\" data-e-type=\"widget\" data-widget_type=\"icon-list.default\">\n\t\t\t\t<div class=\"elementor-widget-container\">\n\t\t\t\t\t\t\t<ul class=\"elementor-icon-list-items\">\n\t\t\t\t\t\t\t<li class=\"elementor-icon-list-item\">\n\t\t\t\t\t\t\t\t\t\t<span class=\"elementor-icon-list-text\">Purgato O\u00dc<\/span>\n\t\t\t\t\t\t\t\t\t<\/li>\n\t\t\t\t\t\t\t\t<li class=\"elementor-icon-list-item\">\n\t\t\t\t\t\t\t\t\t\t<span class=\"elementor-icon-list-text\">Reg kood: 12790409<\/span>\n\t\t\t\t\t\t\t\t\t<\/li>\n\t\t\t\t\t\t\t\t<li class=\"elementor-icon-list-item\">\n\t\t\t\t\t\t\t\t\t\t\t<a href=\"mailto:katiliis@purgato.ee\">\n\n\t\t\t\t\t\t\t\t\t\t\t\t<span class=\"elementor-icon-list-icon\">\n\t\t\t\t\t\t\t<i aria-hidden=\"true\" class=\"fas fa-envelope-open-text\"><\/i>\t\t\t\t\t\t<\/span>\n\t\t\t\t\t\t\t\t\t\t<span class=\"elementor-icon-list-text\">katiliis@purgato.ee <\/span>\n\t\t\t\t\t\t\t\t\t\t\t<\/a>\n\t\t\t\t\t\t\t\t\t<\/li>\n\t\t\t\t\t\t\t\t<li class=\"elementor-icon-list-item\">\n\t\t\t\t\t\t\t\t\t\t\t<a href=\"mailto:katiliis@purgato.ee\">\n\n\t\t\t\t\t\t\t\t\t\t\t\t<span class=\"elementor-icon-list-icon\">\n\t\t\t\t\t\t\t<i aria-hidden=\"true\" class=\"fas fa-envelope-open-text\"><\/i>\t\t\t\t\t\t<\/span>\n\t\t\t\t\t\t\t\t\t\t<span class=\"elementor-icon-list-text\">info@purgato.ee<\/span>\n\t\t\t\t\t\t\t\t\t\t\t<\/a>\n\t\t\t\t\t\t\t\t\t<\/li>\n\t\t\t\t\t\t\t\t<li class=\"elementor-icon-list-item\">\n\t\t\t\t\t\t\t\t\t\t\t<a href=\"tel:58135293\">\n\n\t\t\t\t\t\t\t\t\t\t\t\t<span class=\"elementor-icon-list-icon\">\n\t\t\t\t\t\t\t<i aria-hidden=\"true\" class=\"fas fa-mobile-alt\"><\/i>\t\t\t\t\t\t<\/span>\n\t\t\t\t\t\t\t\t\t\t<span class=\"elementor-icon-list-text\">+372 5813 5293 - Kati-Liis Sgirka<\/span>\n\t\t\t\t\t\t\t\t\t\t\t<\/a>\n\t\t\t\t\t\t\t\t\t<\/li>\n\t\t\t\t\t\t\t\t<li class=\"elementor-icon-list-item\">\n\t\t\t\t\t\t\t\t\t\t\t<a href=\"tel:58115808\">\n\n\t\t\t\t\t\t\t\t\t\t\t\t<span class=\"elementor-icon-list-icon\">\n\t\t\t\t\t\t\t<i aria-hidden=\"true\" class=\"fas fa-mobile-alt\"><\/i>\t\t\t\t\t\t<\/span>\n\t\t\t\t\t\t\t\t\t\t<span class=\"elementor-icon-list-text\">+372 5811 5808 - Rauno Sgirka<\/span>\n\t\t\t\t\t\t\t\t\t\t\t<\/a>\n\t\t\t\t\t\t\t\t\t<\/li>\n\t\t\t\t\t\t<\/ul>\n\t\t\t\t\t\t<\/div>\n\t\t\t\t<\/div>\n\t\t\t\t\t<\/div>\n\t\t<\/div>\n\t\t\t\t<div class=\"elementor-column elementor-col-50 elementor-top-column elementor-element elementor-element-f950099\" data-id=\"f950099\" data-element_type=\"column\" data-e-type=\"column\">\n\t\t\t<div class=\"elementor-widget-wrap elementor-element-populated\">\n\t\t\t\t\t\t<div class=\"elementor-element elementor-element-68b448a elementor-widget elementor-widget-wpforms\" data-id=\"68b448a\" data-element_type=\"widget\" data-e-type=\"widget\" data-widget_type=\"wpforms.default\">\n\t\t\t\t<div class=\"elementor-widget-container\">\n\t\t\t\t\t<div class=\"wpforms-container wpforms-container-full\" id=\"wpforms-202\"><form id=\"wpforms-form-202\" class=\"wpforms-validate wpforms-form\" data-formid=\"202\" method=\"post\" enctype=\"multipart\/form-data\" action=\"\/en\/wp-json\/wp\/v2\/pages\/2563\" data-token=\"e2aea642b9dee224e8dac2bec0826762\" data-token-time=\"1776306291\"><noscript class=\"wpforms-error-noscript\">Please enable JavaScript in your browser to complete this form.<\/noscript><div class=\"wpforms-field-container\"><div id=\"wpforms-202-field_0-container\" class=\"wpforms-field wpforms-field-name wpforms-one-half wpforms-first\" data-field-id=\"0\"><label class=\"wpforms-field-label\" for=\"wpforms-202-field_0\">Nimi <span class=\"wpforms-required-label\">*<\/span><\/label><input type=\"text\" id=\"wpforms-202-field_0\" class=\"wpforms-field-large wpforms-field-required\" name=\"wpforms[fields][0]\" required><\/div><div id=\"wpforms-202-field_3-container\" class=\"wpforms-field wpforms-field-number wpforms-one-half\" data-field-id=\"3\"><label class=\"wpforms-field-label\" for=\"wpforms-202-field_3\">Telefon<\/label><input type=\"number\" id=\"wpforms-202-field_3\" class=\"wpforms-field-large\" name=\"wpforms[fields][3]\" step=\"any\" ><\/div><div id=\"wpforms-202-field_1-container\" class=\"wpforms-field wpforms-field-email\" data-field-id=\"1\"><label class=\"wpforms-field-label\" for=\"wpforms-202-field_1\">Email <span class=\"wpforms-required-label\">*<\/span><\/label><input type=\"email\" id=\"wpforms-202-field_1\" class=\"wpforms-field-large wpforms-field-required\" name=\"wpforms[fields][1]\" spellcheck=\"false\" required><\/div><div id=\"wpforms-202-field_2-container\" class=\"wpforms-field wpforms-field-textarea\" data-field-id=\"2\"><label class=\"wpforms-field-label\" for=\"wpforms-202-field_2\">Kirjutage siia enda teade\/s\u00f5num <span class=\"wpforms-required-label\">*<\/span><\/label><textarea id=\"wpforms-202-field_2\" class=\"wpforms-field-medium wpforms-field-required\" name=\"wpforms[fields][2]\" required><\/textarea><\/div><\/div><!-- .wpforms-field-container --><div class=\"wpforms-recaptcha-container wpforms-is-recaptcha wpforms-is-recaptcha-type-v2\" ><div class=\"g-recaptcha\" data-sitekey=\"6Lc2_8sfAAAAAN0z2fMmXDRp5cyfU6FobILt4vSh\"><\/div><input type=\"text\" name=\"g-recaptcha-hidden\" class=\"wpforms-recaptcha-hidden\" style=\"position:absolute!important;clip:rect(0,0,0,0)!important;height:1px!important;width:1px!important;border:0!important;overflow:hidden!important;padding:0!important;margin:0!important;\" data-rule-recaptcha=\"1\"><\/div><div class=\"wpforms-submit-container\" ><input type=\"hidden\" name=\"wpforms[id]\" value=\"202\"><input type=\"hidden\" name=\"page_title\" value=\"\"><input type=\"hidden\" name=\"page_url\" value=\"https:\/\/purgato.ee\/en\/wp-json\/wp\/v2\/pages\/2563\"><input type=\"hidden\" name=\"url_referer\" value=\"\"><button type=\"submit\" name=\"wpforms[submit]\" id=\"wpforms-submit-202\" class=\"wpforms-submit\" data-alt-text=\"Sending...\" data-submit-text=\"Saada\" aria-live=\"assertive\" value=\"wpforms-submit\">Saada<\/button><\/div><\/form><\/div>  <!-- .wpforms-container -->\t\t\t\t<\/div>\n\t\t\t\t<\/div>\n\t\t\t\t\t<\/div>\n\t\t<\/div>\n\t\t\t\t\t<\/div>\n\t\t<\/section>\n\t\t\t\t<\/div>\n\t\t","protected":false},"excerpt":{"rendered":"<p>MAKSEK\u00c4SU KIIRMENETLUS MAKSEK\u00c4SU KIIRMENETLUSE TEENUS Kiire ja t\u00f5hus lahendus rahaliste n\u00f5uete sissen\u00f5udmiseks. Maksek\u00e4su kiirmenetlus on praktiline lahendus olukordades, kus ettev\u00f5ttel on tekkinud tasumata rahalisi n\u00f5udeid.Meie teenus on kiire ja kuluefektiivne viis rahalise n\u00f5ude sissen\u00f5udmiseks ilma tavap\u00e4rase hagimenetluseta. Menetlus toimub elektrooniliselt ning kohus lahendab avalduse \u00fcldjuhul kuni 10 t\u00f6\u00f6p\u00e4eva jooksul. Sobib olukordades, kus: n\u00f5ue on rahaline, [&hellip;]<\/p>\n","protected":false},"author":2,"featured_media":0,"parent":0,"menu_order":0,"comment_status":"closed","ping_status":"closed","template":"","meta":{"footnotes":""},"class_list":["post-2563","page","type-page","status-publish","hentry"],"yoast_head":"<!-- This site is optimized with the Yoast SEO plugin v27.3 - https:\/\/yoast.com\/product\/yoast-seo-wordpress\/ -->\n<title>Maksek\u00e4su kiirmenetlus - Purgato<\/title>\n<meta name=\"description\" content=\"Maksek\u00e4su kiirmenetlus on praktiline lahendus olukordades, kus ettev\u00f5ttel on tekkinud tasumata rahalisi n\u00f5udeid.\" \/>\n<meta name=\"robots\" content=\"index, follow, max-snippet:-1, max-image-preview:large, max-video-preview:-1\" \/>\n<link rel=\"canonical\" href=\"https:\/\/purgato.ee\/en\/maksekasu-kiirmenetlus-teenus\/\" \/>\n<meta property=\"og:locale\" content=\"en_GB\" \/>\n<meta property=\"og:type\" content=\"article\" \/>\n<meta property=\"og:title\" content=\"Maksek\u00e4su kiirmenetlus - Purgato\" \/>\n<meta property=\"og:description\" content=\"Maksek\u00e4su kiirmenetlus on praktiline lahendus olukordades, kus ettev\u00f5ttel on tekkinud tasumata rahalisi n\u00f5udeid.\" \/>\n<meta property=\"og:url\" content=\"https:\/\/purgato.ee\/en\/maksekasu-kiirmenetlus-teenus\/\" \/>\n<meta property=\"og:site_name\" content=\"Purgato\" \/>\n<meta property=\"article:modified_time\" content=\"2026-01-28T14:53:41+00:00\" \/>\n<meta property=\"og:image\" content=\"https:\/\/purgato.ee\/wp-content\/uploads\/2021\/07\/nr-4.jpg\" \/>\n\t<meta property=\"og:image:width\" content=\"1920\" \/>\n\t<meta property=\"og:image:height\" content=\"1080\" \/>\n\t<meta property=\"og:image:type\" content=\"image\/jpeg\" \/>\n<meta name=\"twitter:card\" content=\"summary_large_image\" \/>\n<meta name=\"twitter:label1\" content=\"Estimated reading time\" \/>\n\t<meta name=\"twitter:data1\" content=\"2 minutes\" \/>\n<script type=\"application\/ld+json\" class=\"yoast-schema-graph\">{\"@context\":\"https:\\\/\\\/schema.org\",\"@graph\":[{\"@type\":\"WebPage\",\"@id\":\"https:\\\/\\\/purgato.ee\\\/maksekasu-kiirmenetlus-teenus\\\/\",\"url\":\"https:\\\/\\\/purgato.ee\\\/maksekasu-kiirmenetlus-teenus\\\/\",\"name\":\"Maksek\u00e4su kiirmenetlus - Purgato\",\"isPartOf\":{\"@id\":\"https:\\\/\\\/purgato.ee\\\/#website\"},\"datePublished\":\"2026-01-28T14:46:12+00:00\",\"dateModified\":\"2026-01-28T14:53:41+00:00\",\"description\":\"Maksek\u00e4su kiirmenetlus on praktiline lahendus olukordades, kus ettev\u00f5ttel on tekkinud tasumata rahalisi n\u00f5udeid.\",\"breadcrumb\":{\"@id\":\"https:\\\/\\\/purgato.ee\\\/maksekasu-kiirmenetlus-teenus\\\/#breadcrumb\"},\"inLanguage\":\"en-GB\",\"potentialAction\":[{\"@type\":\"ReadAction\",\"target\":[\"https:\\\/\\\/purgato.ee\\\/maksekasu-kiirmenetlus-teenus\\\/\"]}]},{\"@type\":\"BreadcrumbList\",\"@id\":\"https:\\\/\\\/purgato.ee\\\/maksekasu-kiirmenetlus-teenus\\\/#breadcrumb\",\"itemListElement\":[{\"@type\":\"ListItem\",\"position\":1,\"name\":\"Home\",\"item\":\"https:\\\/\\\/purgato.ee\\\/\"},{\"@type\":\"ListItem\",\"position\":2,\"name\":\"Maksek\u00e4su kiirmenetlus\"}]},{\"@type\":\"WebSite\",\"@id\":\"https:\\\/\\\/purgato.ee\\\/#website\",\"url\":\"https:\\\/\\\/purgato.ee\\\/\",\"name\":\"Purgato\",\"description\":\"Raamatupidamisteenused sinu ettev&otilde;ttele\",\"publisher\":{\"@id\":\"https:\\\/\\\/purgato.ee\\\/#organization\"},\"potentialAction\":[{\"@type\":\"SearchAction\",\"target\":{\"@type\":\"EntryPoint\",\"urlTemplate\":\"https:\\\/\\\/purgato.ee\\\/?s={search_term_string}\"},\"query-input\":{\"@type\":\"PropertyValueSpecification\",\"valueRequired\":true,\"valueName\":\"search_term_string\"}}],\"inLanguage\":\"en-GB\"},{\"@type\":\"Organization\",\"@id\":\"https:\\\/\\\/purgato.ee\\\/#organization\",\"name\":\"Purgato\",\"url\":\"https:\\\/\\\/purgato.ee\\\/\",\"logo\":{\"@type\":\"ImageObject\",\"inLanguage\":\"en-GB\",\"@id\":\"https:\\\/\\\/purgato.ee\\\/#\\\/schema\\\/logo\\\/image\\\/\",\"url\":\"https:\\\/\\\/purgato.ee\\\/wp-content\\\/uploads\\\/2021\\\/06\\\/204077865_2574331686194027_170180605810570648_n.jpg\",\"contentUrl\":\"https:\\\/\\\/purgato.ee\\\/wp-content\\\/uploads\\\/2021\\\/06\\\/204077865_2574331686194027_170180605810570648_n.jpg\",\"width\":240,\"height\":104,\"caption\":\"Purgato\"},\"image\":{\"@id\":\"https:\\\/\\\/purgato.ee\\\/#\\\/schema\\\/logo\\\/image\\\/\"}}]}<\/script>\n<!-- \/ Yoast SEO plugin. -->","yoast_head_json":{"title":"Maksek\u00e4su kiirmenetlus - Purgato","description":"The fast-track payment order procedure is a practical solution in situations where a company has outstanding monetary claims.","robots":{"index":"index","follow":"follow","max-snippet":"max-snippet:-1","max-image-preview":"max-image-preview:large","max-video-preview":"max-video-preview:-1"},"canonical":"https:\/\/purgato.ee\/en\/maksekasu-kiirmenetlus-teenus\/","og_locale":"en_GB","og_type":"article","og_title":"Maksek\u00e4su kiirmenetlus - Purgato","og_description":"Maksek\u00e4su kiirmenetlus on praktiline lahendus olukordades, kus ettev\u00f5ttel on tekkinud tasumata rahalisi n\u00f5udeid.","og_url":"https:\/\/purgato.ee\/en\/maksekasu-kiirmenetlus-teenus\/","og_site_name":"Purgato","article_modified_time":"2026-01-28T14:53:41+00:00","og_image":[{"width":1920,"height":1080,"url":"https:\/\/purgato.ee\/wp-content\/uploads\/2021\/07\/nr-4.jpg","type":"image\/jpeg"}],"twitter_card":"summary_large_image","twitter_misc":{"Estimated reading time":"2 minutes"},"schema":{"@context":"https:\/\/schema.org","@graph":[{"@type":"WebPage","@id":"https:\/\/purgato.ee\/maksekasu-kiirmenetlus-teenus\/","url":"https:\/\/purgato.ee\/maksekasu-kiirmenetlus-teenus\/","name":"Maksek\u00e4su kiirmenetlus - Purgato","isPartOf":{"@id":"https:\/\/purgato.ee\/#website"},"datePublished":"2026-01-28T14:46:12+00:00","dateModified":"2026-01-28T14:53:41+00:00","description":"The fast-track payment order procedure is a practical solution in situations where a company has outstanding monetary claims.","breadcrumb":{"@id":"https:\/\/purgato.ee\/maksekasu-kiirmenetlus-teenus\/#breadcrumb"},"inLanguage":"en-GB","potentialAction":[{"@type":"ReadAction","target":["https:\/\/purgato.ee\/maksekasu-kiirmenetlus-teenus\/"]}]},{"@type":"BreadcrumbList","@id":"https:\/\/purgato.ee\/maksekasu-kiirmenetlus-teenus\/#breadcrumb","itemListElement":[{"@type":"ListItem","position":1,"name":"Home","item":"https:\/\/purgato.ee\/"},{"@type":"ListItem","position":2,"name":"Maksek\u00e4su kiirmenetlus"}]},{"@type":"WebSite","@id":"https:\/\/purgato.ee\/#website","url":"https:\/\/purgato.ee\/","name":"Purgato","description":"Raamatupidamisteenused sinu ettev&otilde;ttele","publisher":{"@id":"https:\/\/purgato.ee\/#organization"},"potentialAction":[{"@type":"SearchAction","target":{"@type":"EntryPoint","urlTemplate":"https:\/\/purgato.ee\/?s={search_term_string}"},"query-input":{"@type":"PropertyValueSpecification","valueRequired":true,"valueName":"search_term_string"}}],"inLanguage":"en-GB"},{"@type":"Organization","@id":"https:\/\/purgato.ee\/#organization","name":"Purgato","url":"https:\/\/purgato.ee\/","logo":{"@type":"ImageObject","inLanguage":"en-GB","@id":"https:\/\/purgato.ee\/#\/schema\/logo\/image\/","url":"https:\/\/purgato.ee\/wp-content\/uploads\/2021\/06\/204077865_2574331686194027_170180605810570648_n.jpg","contentUrl":"https:\/\/purgato.ee\/wp-content\/uploads\/2021\/06\/204077865_2574331686194027_170180605810570648_n.jpg","width":240,"height":104,"caption":"Purgato"},"image":{"@id":"https:\/\/purgato.ee\/#\/schema\/logo\/image\/"}}]}},"_links":{"self":[{"href":"https:\/\/purgato.ee\/en\/wp-json\/wp\/v2\/pages\/2563","targetHints":{"allow":["GET"]}}],"collection":[{"href":"https:\/\/purgato.ee\/en\/wp-json\/wp\/v2\/pages"}],"about":[{"href":"https:\/\/purgato.ee\/en\/wp-json\/wp\/v2\/types\/page"}],"author":[{"embeddable":true,"href":"https:\/\/purgato.ee\/en\/wp-json\/wp\/v2\/users\/2"}],"replies":[{"embeddable":true,"href":"https:\/\/purgato.ee\/en\/wp-json\/wp\/v2\/comments?post=2563"}],"version-history":[{"count":12,"href":"https:\/\/purgato.ee\/en\/wp-json\/wp\/v2\/pages\/2563\/revisions"}],"predecessor-version":[{"id":2576,"href":"https:\/\/purgato.ee\/en\/wp-json\/wp\/v2\/pages\/2563\/revisions\/2576"}],"wp:attachment":[{"href":"https:\/\/purgato.ee\/en\/wp-json\/wp\/v2\/media?parent=2563"}],"curies":[{"name":"wp","href":"https:\/\/api.w.org\/{rel}","templated":true}]}}